{"id":3,"date":"2020-09-20T18:33:02","date_gmt":"2020-09-20T18:33:02","guid":{"rendered":"https:\/\/collage.com.ar\/?page_id=3"},"modified":"2020-09-25T19:41:56","modified_gmt":"2020-09-25T19:41:56","slug":"politica-privacidad","status":"publish","type":"page","link":"https:\/\/collage.com.ar\/index.php\/politica-privacidad\/","title":{"rendered":"Pol\u00edtica de privacidad"},"content":{"rendered":"\n<p><strong><em>Aviso legal, t\u00e9rminos y condiciones de uso de este sitio<\/em><\/strong><\/p>\n\n\n\n<p>Aqu\u00ed podr\u00e1 encontrar toda la informaci\u00f3n relativa a las condiciones legales de uso, donde se define la relaci\u00f3n entre ustedes como usuarios y nosotros como representantes de <a href=\"http:\/\/www.colage.ar\"><em>www.colage.ar<\/em><\/a><em> y <\/em><a href=\"http:\/\/www.collage.com.ar\"><em>www.collage.com.ar<\/em><\/a><em> .<\/em><\/p>\n\n\n\n<p><strong><em>Antes de continuar con la navegaci\u00f3n de este sitio, usted debe comprender estos t\u00e9rminos, para esto recomendamos que lea atentamente estas condiciones legales en su \u201ctotalidad\u201d.<\/em><\/strong><\/p>\n\n\n\n<p><strong>Datos del responsable, legislaci\u00f3n de la Rep\u00fablica Argentina.<\/strong><\/p>\n\n\n\n<ul class=\"wp-block-list\"><li>Denominaci\u00f3n social: Claudio Schandin<\/li><li>Domicilio legal en Gallo 1634, Buenos Aires, Argentina&nbsp; CP1425<\/li><li>Email de contacto: info@collage.com.ar<\/li><li>Actividad comercial: Inscripto en la \u201cAgencia Federal de Ingresos P\u00fablico\u201d como Monotributista<\/li><\/ul>\n\n\n\n<p><strong>Normas de uso de esta web<\/strong><\/p>\n\n\n\n<p>Esta web es un sitio y difusi\u00f3n del collage y de los artistas que lo crean, cuenta con trabajos que pertenece a sus autores por lo que hay normas que cumplir para no perjudicar su imagen y su objetivo o que se vea amenazada la seguridad de la autor\u00eda.<\/p>\n\n\n\n<p><strong>Por lo tanto:<\/strong><\/p>\n\n\n\n<p>Est\u00e1 prohibido el uso de este sitio con cualquier fin il\u00edcito, que no sea para lo que se creo, o de la forma que sea, puedan causar perjuicio o impedir el normal funcionamiento de la misma.<\/p>\n\n\n\n<p>Est\u00e1n prohibidas todas las conductas que resulten deshonestas o da\u00f1ina de nuestros derechos e intereses, de los dem\u00e1s usuarios, de terceros y que de cualquier forma puedan agredir, inutilizar, sobrecargar o deteriorar www.<strong><em>collage.com.ar o www.collage.ar<\/em><\/strong> impidiendo as\u00ed la normal utilizaci\u00f3n o su disfrute por parte de los usuarios, de los artistas o de los expositores.<\/p>\n\n\n\n<p>Todo el contenido de este sitio est\u00e1 protegido por derechos de autor, por lo que no se puede reproducir, distribuir o modificar, total o parcialmente el contenido de la web a menos que cuenten con la autorizaci\u00f3n espec\u00edfica y escrita por nosotros.<\/p>\n\n\n\n<p><strong><em>Pol\u00edtica de comentarios<\/em><\/strong><em><\/em><\/p>\n\n\n\n<p>Tenga en cuenta tambi\u00e9n la <strong>pol\u00edtica de comentarios <\/strong>de esta web, para evitar que tengamos que borrar el suyo:<\/p>\n\n\n\n<ul class=\"wp-block-list\"><li>No se admitir\u00e1n comentarios que no est\u00e9n relacionados con la tem\u00e1tica de esta web, que incluyan difamaciones, agravios, insultos, ataques personales o faltas de respeto en general hacia los autores o hacia otros miembros, artistas o expositores. Estos comentarios ser\u00e1n suprimidos por los administradores de la web, antes de su publicaci\u00f3n.<\/li><li>Se suprimir\u00e1n los comentarios que contengan informaci\u00f3n que sea enga\u00f1osa o falsa o que vulneren la pol\u00edtica de protecci\u00f3n de datos. Se desestimar\u00e1, igualmente, aquellos comentarios creados s\u00f3lo con fines promocionales de una web, personales o colectivos y todo lo que pueda ser considerado spam en general.<\/li><li>Se tendr\u00e1 en cuenta que el &nbsp;hecho de navegar por la web no significa ninguna relaci\u00f3n comercial o laboral entre nosotros<\/li><li>Para participar en todas las actividades debes ser mayor de 18 a\u00f1os y tener capacidad legal para celebrar contratos a trav\u00e9s de esta web, por lo tanto no nos responsabilizamos por alg\u00fan comentario le\u00eddo por menores.<\/li><\/ul>\n\n\n\n<p><strong><em>Pol\u00edtica de enlaces externos<\/em><\/strong><\/p>\n\n\n\n<p><a href=\"http:\/\/www.collage.com.ar\"><em>www.collage.com.ar<\/em><\/a><em> y <\/em><a href=\"http:\/\/www.collage.ar\"><em>www.collage.ar<\/em><\/a> proporciona enlaces a otros sitios web propios y de terceros de contenidos relacionados, con el \u00fanico objetivo de compartir informaci\u00f3n que nos parecen \u00fatil para la difusi\u00f3n de los artistas y enlaces de productos o servicios que consideramos pueden ser interesantes o productivos. Aunque siempre direccionemos a sitios de confianza, no somos responsables de los resultados que se puedan conseguir por el acceso a dichos enlaces. Estos los proporcionamos porque realmente los consideramos buenos por haberlos probado o por recomendaci\u00f3n de terceros en los que confiamos.<\/p>\n\n\n\n<p>Entre los enlaces de afiliados facilitados se encuentra por ejemplo, la empresa Amazon (www.amazon.com)<\/p>\n\n\n\n<p>Cualquier relaci\u00f3n contractual que se formalice con los anunciantes, afiliados o terceras personas contratadas a trav\u00e9s de esta web, se entiender\u00e1n realizados \u00fanica y exclusivamente entre usted y el anunciante. S\u00f3lo actuamos como medio publicitario.<\/p>\n\n\n\n<p>Puede enlazar nuestro sitio desde otra web siempre y cuando sea para aportar valor a otras p\u00e1ginas y sin vulnerar nuestros intereses. El hecho de que hayan enlazado nuestro sitio en otra web no significa que exista una relaci\u00f3n contractual con la misma, ni la aceptaci\u00f3n o aprobaci\u00f3n por nuestra &nbsp;parte de sus contenidos, servicios o productos.<\/p>\n\n\n\n<p><strong><em>Exclusi\u00f3n de garant\u00edas y responsabilidad<\/em><\/strong><\/p>\n\n\n\n<p>No otorgamos ninguna garant\u00eda ni nos hacemos responsables, en ning\u00fan caso, de los da\u00f1os y perjuicios de cualquier naturaleza que pudieran causarse por:<\/p>\n\n\n\n<ul class=\"wp-block-list\"><li>La falta de disponibilidad, mantenimiento y efectivo funcionamiento de la web o de sus servicios y contenidos.<\/li><li>La existencia de malware, programas maliciosos o lesivos en los contenidos.<\/li><li>El uso il\u00edcito, negligente, fraudulento o contrario a este Aviso Legal.<\/li><li>La falta de licitud, calidad, fiabilidad, utilidad y disponibilidad de los servicios prestados por terceros y puestos a disposici\u00f3n de los usuarios en el sitio web.<\/li><li>Los da\u00f1os que pudieran emanar del uso ilegal o indebido de la presente p\u00e1gina web.<\/li><li>Este sitio no se destina a menores de edad, por lo que declino cualquier responsabilidad por el incumplimiento de este requisito.<\/li><\/ul>\n\n\n\n<p><strong><em>Propiedad intelectual<\/em><\/strong><\/p>\n\n\n\n<p>Los visitantes se comprometen a respetar todos los derechos de Propiedad Intelectual nuestros y de los participantes del sitio.<\/p>\n\n\n\n<p>Queda expresamente prohibida la reproducci\u00f3n, la distribuci\u00f3n y la comunicaci\u00f3n p\u00fablica, de la totalidad o parte de los contenidos de esta sitio web con fines comerciales, en cualquier soporte y por cualquier medio t\u00e9cnico, sin la autorizaci\u00f3n del titular de este sitio <a href=\"http:\/\/www.collage.com.ar\"><em>www.collage.com.ar<\/em><\/a><em> &nbsp;y\/<\/em>o <a href=\"http:\/\/www.collage.ar\"><em>www.collage.ar<\/em><\/a><\/p>\n\n\n\n<p>Usted acepta que la totalidad de <a href=\"http:\/\/www.collage.com.ar\"><em>www.collage.com.ar<\/em><\/a><em> <\/em>y <a href=\"http:\/\/www.collage.ar\"><em>www.collage.ar<\/em><\/a>, sus contenidos (incluyendo estructura, orden y presentaci\u00f3n de los mismos) material gr\u00e1fico y audiovisual, est\u00e1 protegido por el derechos de cada uno de sus autores, de acuerdo con todos los tratados nacionales e internacionales.<\/p>\n\n\n\n<p><strong><em>Uso del material descargable<\/em><\/strong><\/p>\n\n\n\n<ul class=\"wp-block-list\"><li>Seg\u00fan lo dicho en los dos p\u00e1rrafos anteriores, queda expresamente prohibida la reproducci\u00f3n total o parcial de todos los materiales descargables tanto gratuitos como de pago porque son para uso personal del suscriptor.<\/li><li>Tambi\u00e9n est\u00e1 prohibida la edici\u00f3n, distribuci\u00f3n, comunicaci\u00f3n p\u00fablica, transformaci\u00f3n, incorporaci\u00f3n a un sistema inform\u00e1tico, transmisi\u00f3n digital, mec\u00e1nica o&nbsp; por cualquier forma o medio de cualquiera de los materiales posibles de ser descargados.<\/li><li>Queda terminantemente prohibido compartir las licencias de uso como matriculas para cursos o eventos, con m\u00e1s personas. Cada licencia es personal e intransferible.<\/li><li>Cualquier uso no autorizado previamente, ser\u00e1 considerado un incumplimiento grave de los derechos de propiedad intelectual, reserv\u00e1ndonos el derecho de ejercitar las acciones civiles o penales que correspondan contra los usuarios que vulneren los derechos de propiedad tanto del sitio como de los expositores y colaboradores.<\/li><\/ul>\n\n\n\n<p><strong><em>De la propiedad intelectual del material expuesto<\/em><\/strong><\/p>\n\n\n\n<p>Nuestros contenidos y los de nuestros colaboradores son siempre originales. No obstante, en el caso de que consideres que se ha producido una violaci\u00f3n de sus leg\u00edtimos derechos de propiedad intelectual por la introducci\u00f3n de un determinado contenido en la web, deber\u00e1 notificar dicha circunstancia enviando un email a <a href=\"mailto:info@collage.com.ar\">info@collage.com.ar<\/a> indicando:<\/p>\n\n\n\n<ul class=\"wp-block-list\"><li>Datos personales del interesado titular de los derechos presuntamente infringidos, y forma de comunicarnos con \u00e9l.<\/li><li>El contenido protegido por los derechos de propiedad intelectual y su ubicaci\u00f3n en la web.<\/li><li>La acreditaci\u00f3n de los derechos de propiedad intelectual se\u00f1alados.<\/li><li>Declaraci\u00f3n expresa en la que el interesado se responsabiliza de la veracidad de las informaciones facilitadas en la notificaci\u00f3n.<\/li><\/ul>\n\n\n\n<p><strong><em>Derecho de exclusi\u00f3n<\/em><\/strong><\/p>\n\n\n\n<p>Nos reservamos el derecho a denegar o retirar el acceso a la web y a los productos ofrecidos sin necesidad de preaviso, a instancia propia o de un tercero, a aquellos usuarios que incumplan las presentes condiciones de uso.<\/p>\n\n\n\n<p><strong><em>Modificaciones<\/em><\/strong><\/p>\n\n\n\n<p>En cualquier momento podemos modificar sin previo aviso los presentes t\u00e9rminos y condiciones para adaptarlos a los cambios y actualizaciones legales y necesarias para la protecci\u00f3n de nuestros intereses y nuestros suscriptores y colaboradores, por lo que tendr\u00e1 que revisar peri\u00f3dicamente estas condiciones, los t\u00e9rminos y las pol\u00edticas a fin de comprobar la existencia de posibles cambios. Esto puede hacerlo tomando como referencia la fecha de la \u00faltima actualizaci\u00f3n.<\/p>\n\n\n\n<p>Tambi\u00e9n podemos hacer todas las modificaciones que consideremos oportunas. As\u00ed podemos &nbsp;cambiar, suprimir o a\u00f1adir los contenidos y servicios que se presten como la forma en la que \u00e9stos aparezcan presentados o localizados en la plataforma.<\/p>\n\n\n\n<p><strong><em>Legislaci\u00f3n aplicable y Jurisdicci\u00f3n<\/em><\/strong><\/p>\n\n\n\n<p>Para la resoluci\u00f3n de todas las controversias o cuestiones relacionadas con la presente web o de las actividades desarrolladas en la misma, ser\u00e1 de aplicaci\u00f3n la legislaci\u00f3n Argentina, a la que se someten expresamente las partes, siendo competentes para la resoluci\u00f3n de todos los conflictos derivados o relacionados con su uso.<\/p>\n\n\n\n<p>El aviso legal ha sido actualizado por \u00faltima vez el 15 de septiembre de 2020<\/p>\n\n\n\n<p><strong><em>Tratamiento de datos personales<\/em><\/strong><\/p>\n\n\n\n<p>De acuerdo con la Ley de Protecci\u00f3n de Datos Personales y garant\u00eda, los datos ser\u00e1n custodiados por los responsables del sitio como marca la ley vigente de protecci\u00f3n de datos, &nbsp;siendo responsabilidad del usuario la exactitud de los mismos.<\/p>\n\n\n\n<p>Salvo oposici\u00f3n expresa, el usuario suscriptor consiente expresamente el tratamiento de sus datos personales para remitir informaci\u00f3n de inter\u00e9s, novedades y ofertas sobre los productos y servicios a trav\u00e9s de cualquier medio, incluyendo el correo electr\u00f3nico.<\/p>\n\n\n\n<p>Podr\u00e1 ejercitar sus derechos de acceso, rectificaci\u00f3n, cancelaci\u00f3n y oposici\u00f3n a trav\u00e9s de correo electr\u00f3nico a info@collage.com.ar con prueba de identidad, como fotocopia de DNI o equivalente, indicando en el asunto \u201cProtecci\u00f3n de Datos\u201d.<\/p>\n\n\n\n<p><strong><em>Pol\u00edtica de privacidad<\/em><\/strong><\/p>\n\n\n\n<p>De acuerdo con la Ley de Protecci\u00f3n de Datos Personales, estos ser\u00e1n custodiados por los responsables del sitio como marca la ley vigente de \u201cprotecci\u00f3n de datos\u201d, &nbsp;siendo responsabilidad del usuario la exactitud de los mismos.<\/p>\n\n\n\n<p>Salvo oposici\u00f3n expresada, el Cliente autoriza el uso de sus datos personales para remitir informaci\u00f3n de inter\u00e9s, novedades y ofertas sobre productos y servicios a trav\u00e9s de cualquier medio, incluyendo el correo electr\u00f3nico.<\/p>\n\n\n\n<p>Podr\u00e1 ejercitar sus derechos de acceso, rectificaci\u00f3n, cancelaci\u00f3n y oposici\u00f3n a este uso desde la plataforma. Si fuese necesario otro medio, esto deber\u00e1 hacerse a trav\u00e9s de correo electr\u00f3nico a info@collage.com.ar y como prueba de identidad debe de estar remitido desde la direcci\u00f3n original de suscripci\u00f3n, indicando en el asunto \u201cProtecci\u00f3n de Datos\u201d.<\/p>\n\n\n\n<p>Ponemos todo nuestro esfuerzo en mantener un espacio seguro, por esto:<\/p>\n\n\n\n<ul class=\"wp-block-list\"><li>Siempre vamos a pedirte el consentimiento para tratar tus datos personales.<\/li><li>S\u00f3lo te solicitaremos la informaci\u00f3n personal expresamente necesaria.<\/li><li>No se comparte tu informaci\u00f3n personal con nadie, excepto para cumplir con la ley o para alguna propuesta que previamente este autorizada.<\/li><li>S\u00f3lo utilizaremos tus datos con la finalidad con la que se han recabado, para la que ha dado su consentimiento, y siempre podr\u00e1 revocarlo.<\/li><li>En el caso de las suscripciones, peri\u00f3dicamente revisaremos las listas y eliminaremos aquellas registradas que se encuentren inactivas durante un tiempo considerable.<\/li><\/ul>\n\n\n\n<p><a href=\"http:\/\/www.collage.com.ar\"><em>www.collage.com.ar<\/em><\/a> &nbsp;incluye un certificado SSL, o sea un protocolo de seguridad que hace que tus datos est\u00e9n seguros.<\/p>\n\n\n\n<p>La custodia de los datos est\u00e1 en manos de los responsables de la plataforma y la categor\u00eda que se pide es del tipo \u201cdato identificatorio\u201d.<\/p>\n\n\n\n<p>Podr\u00e1 darse de baja en cualquier momento desde la misma newsletter o informarnos su decisi\u00f3n por mail a <a href=\"mailto:info@collage.com.ar\">info@collage.com.ar<\/a> indicando en el asunto \u201cbaja\u201d<\/p>\n\n\n\n<p>Formulario de contacto, para consultas, sugerencias o contacto profesional. En este caso se responder\u00e1 a la direcci\u00f3n de correo electr\u00f3nico que origin\u00f3 la consulta.<\/p>\n\n\n\n<p><strong><em>Sistemas de rastreos<\/em><\/strong><\/p>\n\n\n\n<p>Sistemas de rastreo que usamos:<\/p>\n\n\n\n<ul class=\"wp-block-list\"><li>Google Analytics, para estudiar las preferencias de los usuarios y su situaci\u00f3n demogr\u00e1fica<\/li><li>Facebook Ads, para la captaci\u00f3n de suscriptores y clientes.<\/li><\/ul>\n\n\n\n<p><strong><em>Prestadores de servicios<\/em><\/strong><\/p>\n\n\n\n<p>Los prestadores de servicios con que cuenta la plataforma son:<\/p>\n\n\n\n<ul class=\"wp-block-list\"><li>Hosting: <a href=\"http:\/\/www.hostinger.com.ar\">www.hostinger.com.ar<\/a> donde est\u00e1 localizada la plataforma y sus archivos.<\/li><li>Proveedor de emails: <a href=\"http:\/\/www.hostinger.com.ar\">www.hostinger.com.ar<\/a><\/li><li>Editor web: Plataforma <a href=\"http:\/\/www.wordpress.org\">www.wordpress.org<\/a> &nbsp;Automattic Inc.<\/li><li>Donaciones: se utiliza para esto la plataforma <a href=\"http:\/\/www.paypal.com\">www.paypal.com<\/a><\/li><\/ul>\n\n\n\n<p><strong><em>Derechos de suscriptores y usuarios<\/em><\/strong><\/p>\n\n\n\n<ul class=\"wp-block-list\"><li>En cualquier momento podr\u00e1 acceder a sus datos personales, as\u00ed como a solicitar la rectificaci\u00f3n o eliminaci\u00f3n de los mismos.<\/li><\/ul>\n\n\n\n<p>Igualmente podr\u00e1 dirigir la comunicaci\u00f3n por correo a: <a href=\"mailto:info@collage.com.ar\">info@collage.com.ar<\/a>&nbsp; Tambi\u00e9n puede darse de baja de cualquiera de los servicios cliqueando \u201cbaja\u201d en las newsletter que te remitimos.<\/p>\n\n\n\n<p><strong><em>Aceptaci\u00f3n y consentimiento<\/em><\/strong><\/p>\n\n\n\n<p>Por el solo uso de este sitio, usted declara haber sido informado de las condiciones de uso tratamiento de datos, aceptando y consintiendo mediante el procedimiento establecido de opt-in al registrarse.<\/p>\n\n\n\n<p><strong><em>Modificaci\u00f3n de las pol\u00edticas y legales<\/em><\/strong><\/p>\n\n\n\n<p>Los posibles cambios de este sitio as\u00ed como de su contenido y pol\u00edticas, est\u00e1n sujetos al criterio de mejor experiencia de usuario y seguridad de derechos y materiales aqu\u00ed expuestos. Esto se actualiz\u00f3 por \u00faltima vez el 15\/9\/2020.<\/p>\n\n\n\n<p>Credit common 2020 \u2022 Informaci\u00f3n Legal \u2022 Pol\u00edtica de Cookies \u2022 Venta \u2022 Pol\u00edtica de Privacidad<\/p>\n\n\n\n<p><strong><em>Pol\u00edtica de cookies<\/em><\/strong><\/p>\n\n\n\n<p>Este sitio usa cookies para personalizar el contenido y los anuncios, ofreciendo una mejor experiencia de uso. Tienen funciones para las redes sociales y para analizar el tr\u00e1fico realizado. Comparten informaci\u00f3n sobre el uso que hagas de la web con las redes sociales, publicidad y an\u00e1lisis web. Estos pueden combinarla con otra informaci\u00f3n que hayan recopilado a partir del uso que hayas hecho de sus servicios.<\/p>\n\n\n\n<p>Se usan cookies propias dentro de la estructura de WordPress.org (proveedora del editor web) y de terceros, las necesarias se instalan autom\u00e1ticamente y el resto necesitan tu autorizaci\u00f3n, ya que personalizan el contenido, publicidad y anuncios.<\/p>\n\n\n\n<p>Si las aceptas, contin\u00faas navegando por la web. Cuando lo consideres puedes cambiar o retirar ese consentimiento.<\/p>\n\n\n\n<p>Para que sirven:<\/p>\n\n\n\n<p>Las cookies son peque\u00f1os archivos que se guardan en su computadora cuando visita alg\u00fan sitio web. Estas registran cierta informaci\u00f3n que podr\u00e1 ser recuperada. Estos archivos almacenados en su ordenador y contiene datos an\u00f3nimos que no son perjudiciales para tu equipo. De hecho se asocian a la informaci\u00f3n del navegador y no a la de la persona.<\/p>\n\n\n\n<p>Las cookies ayudan a:<\/p>\n\n\n\n<ul class=\"wp-block-list\"><li>A &nbsp;que funcione correctamente el sitio<\/li><li>Ahorrar tiempo de acceso a la web mejorando la velocidad y seguridad del sitio<\/li><li>Recordar sus ajustes y permitir ver v\u00eddeos<\/li><li>Compartir la informaci\u00f3n de navegaci\u00f3n con las redes sociales<\/li><li>Mejorar continuamente la web gracias a los an\u00e1lisis obtenidos<\/li><li>Mostrarte anuncios personalizados<\/li><li>Obtener ingresos por afiliaci\u00f3n<\/li><\/ul>\n\n\n\n<p>Las &nbsp;cookies no se usar\u00e1n para:<\/p>\n\n\n\n<ul class=\"wp-block-list\"><li>Recoger informaci\u00f3n de identificaci\u00f3n personal sin su permiso expreso<\/li><li>Recoger informaci\u00f3n sensible sin su permiso expreso<\/li><li>Compartir datos de identificaci\u00f3n personal a terceros<\/li><\/ul>\n\n\n\n<p>C\u00f3mo eliminar las cookies<\/p>\n\n\n\n<p>Si lo desea puede eliminar y\/o bloquear las cookies para la navegaci\u00f3n que realice.<\/p>\n\n\n\n<p>Esto puede hacerlo desde su navegador. Cada navegador tiene configuraciones diferentes. Tendr\u00e1s que dirigirte a la parte de ayuda de cada uno para ver como se realiza la operaci\u00f3n con seguridad.<\/p>\n\n\n\n<p>Tenga claro que el desactivar o eliminar cookies producir\u00e1 cambios de funcionamiento en la navegaci\u00f3n o verse afectada la calidad de este sitio web u otros por los que usted navegue. Haga esta operaci\u00f3n asesorado si es que no conoce del tema.<\/p>\n\n\n\n<p>Si desea mayor control sobre la instalaci\u00f3n de cookies, puede instalar programas o complementos a su navegador conocidos como sistemas \u201cDo Not Track\u201d (no me rastrees), que le permitir\u00e1 elegir las cookies que desee activa\/desactivar.<\/p>\n\n\n\n<h3 class=\"has-text-align-center wp-block-heading\"><strong><em>Aviso legal, t\u00e9rminos y condiciones de uso de este sitio<\/em><\/strong> y sus pol\u00edticas de cookies ha sido actualizado por ultima vez el 15 de septiembre de 2020<\/h3>\n","protected":false},"excerpt":{"rendered":"<p>Aviso legal, t\u00e9rminos y condiciones de uso de este sitio Aqu\u00ed podr\u00e1 encontrar toda la informaci\u00f3n relativa a las condiciones legales de uso, donde se define la relaci\u00f3n entre ustedes como usuarios y nosotros como representantes de www.colage.ar y www.collage.com.ar&#8230; <\/p>\n<div class=\"readmore-section\"><a href=\"https:\/\/collage.com.ar\/index.php\/politica-privacidad\/\"><input type=\"submit\" name=\"submit\" value=\"Seguir leyendo&#8230;\" class=\"readmore-btn\" ><\/a><\/div>\n","protected":false},"author":1,"featured_media":0,"parent":0,"menu_order":0,"comment_status":"closed","ping_status":"closed","template":"","meta":{"_acf_changed":false,"footnotes":""},"class_list":["post-3","page","type-page","status-publish","hentry"],"acf":[],"post_mailing_queue_ids":[],"_links":{"self":[{"href":"https:\/\/collage.com.ar\/index.php\/wp-json\/wp\/v2\/pages\/3","targetHints":{"allow":["GET"]}}],"collection":[{"href":"https:\/\/collage.com.ar\/index.php\/wp-json\/wp\/v2\/pages"}],"about":[{"href":"https:\/\/collage.com.ar\/index.php\/wp-json\/wp\/v2\/types\/page"}],"author":[{"embeddable":true,"href":"https:\/\/collage.com.ar\/index.php\/wp-json\/wp\/v2\/users\/1"}],"replies":[{"embeddable":true,"href":"https:\/\/collage.com.ar\/index.php\/wp-json\/wp\/v2\/comments?post=3"}],"version-history":[{"count":3,"href":"https:\/\/collage.com.ar\/index.php\/wp-json\/wp\/v2\/pages\/3\/revisions"}],"predecessor-version":[{"id":195,"href":"https:\/\/collage.com.ar\/index.php\/wp-json\/wp\/v2\/pages\/3\/revisions\/195"}],"wp:attachment":[{"href":"https:\/\/collage.com.ar\/index.php\/wp-json\/wp\/v2\/media?parent=3"}],"curies":[{"name":"wp","href":"https:\/\/api.w.org\/{rel}","templated":true}]}}